{"id":2772,"date":"2023-07-24T12:09:51","date_gmt":"2023-07-24T10:09:51","guid":{"rendered":"https:\/\/recambiosquasar.com\/politica-de-privacidade\/"},"modified":"2023-07-25T15:58:05","modified_gmt":"2023-07-25T13:58:05","slug":"politica-de-privacidade","status":"publish","type":"page","link":"https:\/\/recambiosquasar.com\/pt-pt\/politica-de-privacidade\/","title":{"rendered":"Pol\u00edtica de privacidade"},"content":{"rendered":"<div class=\"fusion-fullwidth fullwidth-box fusion-builder-row-1 fusion-flex-container has-pattern-background has-mask-background nonhundred-percent-fullwidth non-hundred-percent-height-scrolling\" style=\"--awb-border-radius-top-left:0px;--awb-border-radius-top-right:0px;--awb-border-radius-bottom-right:0px;--awb-border-radius-bottom-left:0px;--awb-flex-wrap:wrap;\" ><div class=\"fusion-builder-row fusion-row fusion-flex-align-items-flex-start fusion-flex-content-wrap\" style=\"max-width:1393.6px;margin-left: calc(-4% \/ 2 );margin-right: calc(-4% \/ 2 );\"><div class=\"fusion-layout-column fusion_builder_column fusion-builder-column-0 fusion_builder_column_1_1 1_1 fusion-flex-column\" style=\"--awb-bg-size:cover;--awb-width-large:100%;--awb-margin-top-large:0px;--awb-spacing-right-large:1.92%;--awb-margin-bottom-large:20px;--awb-spacing-left-large:1.92%;--awb-width-medium:100%;--awb-order-medium:0;--awb-spacing-right-medium:1.92%;--awb-spacing-left-medium:1.92%;--awb-width-small:100%;--awb-order-small:0;--awb-spacing-right-small:1.92%;--awb-spacing-left-small:1.92%;\"><div class=\"fusion-column-wrapper fusion-column-has-shadow fusion-flex-justify-content-flex-start fusion-content-layout-column\"><div class=\"fusion-text fusion-text-1\"><p>Esta Pol\u00edtica de Privacidade fornece informa\u00e7\u00f5es sobre o uso que Recambios Quasar S.L. (doravante Quasar) dos seus dados pessoais na qualidade de Utilizador do site &#8220;www.qsr.es&#8221; (doravante &#8220;Web&#8221;) de acordo com o Regulamento Geral Europeu de Prote\u00e7\u00e3o de Dados (RGPD) e a Lei 3\/2018, de 5 de dezembro, Prote\u00e7\u00e3o de Dados Pessoais e garantia de direitos digitais (LOPDGDD).<\/p>\n<p><b>\u2022 Respons\u00e1vel pelo Tratamento<\/b><\/p>\n<p>A Quasar \u00e9 respons\u00e1vel pela gest\u00e3o do website \u201crecambiosquasar.com\u201d, bem como pela promo\u00e7\u00e3o de todos os produtos e servi\u00e7os.<\/p>\n<p>Informa-se o interessado que faculte dados pessoais \u00e0 Quasar atrav\u00e9s desta plataforma online ou por outros meios (por exemplo, redes sociais) que o tratamento dos seus dados \u00e9 efetuado por:<\/p>\n<p><b>Controlador de Dados:<\/b>Recambios Quasar S.L.<br \/>\n<b>N.I.F \/ C.I.F:<\/b> B- 36.863.744<br \/>\n<b>Endere\u00e7o postal:<\/b> Avda. do Freixo &#8211; Sardoma, 13, 36214 Vigo (Pontevedra)<br \/>\n<b>Telefone:<\/b>(+34) 986 481 633<br \/>\n<b>E-mail:<\/b> <a class=\"enlace_menu\" href=\"mailto:contacto@qsr.es\">contacto@qsr.es<\/a><\/p>\n<p><b>\u2022 Informa\u00e7\u00e3o e consentimento<\/b><\/p>\n<p><b>A navega\u00e7\u00e3o<\/b> neste Website \u201crecambiosquasar.com\u201d n\u00e3o implica o registo autom\u00e1tico de dados que permitam a identifica\u00e7\u00e3o dos Utilizadores.<\/p>\n<p><b>Acesso a conte\u00fados ou servi\u00e7os nos quais s\u00e3o solicitados dados.<\/b> Sem preju\u00edzo do anterior, para aceder ao servi\u00e7o de contacto e consulta atrav\u00e9s da Web, s\u00e3o solicitadas determinadas informa\u00e7\u00f5es tais como: nome e apelidos, NIF, morada, e-mail, telefone&#8230; Nestes casos, a Quasar fornecer\u00e1 ao Utilizador as informa\u00e7\u00f5es necess\u00e1rias antes de proceder ao tratamento dos seus dados.<\/p>\n<p>Em qualquer caso, n\u00e3o receber\u00e1 o formul\u00e1rio que preencher at\u00e9 que leia e d\u00ea o seu consentimento expresso \u00e0s condi\u00e7\u00f5es de tratamento dos seus dados pessoais que expressamente indicamos, marcando a caixa correspondente para o efeito.<\/p>\n<p><b>\u2022 Finalidades do Tratamento de Dados<\/b><\/p>\n<p>A Quasar processa os dados pessoais que voc\u00ea fornece atrav\u00e9s da Web para diversas finalidades, as quais s\u00e3o indicadas a seguir:<\/p>\n<ul>\n<li>Contrata\u00e7\u00e3o de produtos e\/ou servi\u00e7os: Os dados fornecidos durante o processo de contrata\u00e7\u00e3o s\u00e3o utilizados para gerenciar sua rela\u00e7\u00e3o contratual com a Quasar.<\/li>\n<li>Publicidade de Produtos-Servi\u00e7os\/Comunica\u00e7\u00f5es: A Quasar poder\u00e1 utilizar os seus dados para enviar informa\u00e7\u00f5es gerais e comunica\u00e7\u00f5es publicit\u00e1rias comerciais (ofertas, promo\u00e7\u00f5es&#8230;) por e-mail, fax, SMS, MMS, redes sociais ou qualquer outro meio eletr\u00f3nico ou f\u00edsico, presente ou futuro, que permita a realiza\u00e7\u00e3o de comunica\u00e7\u00f5es comerciais. Essas comunica\u00e7\u00f5es ser\u00e3o feitas pela Quasar sobre seus produtos e servi\u00e7os, ou seus colaboradores ou fornecedores com os quais tenha firmado acordo promocional. O tratamento dos seus dados pessoais para efeitos de marketing encontra o seu fundamento legal no interesse leg\u00edtimo.<\/li>\n<li>Processar encomendas, pedidos ou qualquer tipo de pedido que seja efetuado pelo Utilizador atrav\u00e9s de qualquer um dos formul\u00e1rios de contacto que lhe s\u00e3o disponibilizados.<\/li>\n<li>Contacto e gest\u00e3o dos pedidos de informa\u00e7\u00e3o expressamente solicitados pelos Utilizadores.<\/li>\n<li>A melhoria da Web, sua gest\u00e3o e sua seguran\u00e7a.<\/li>\n<li>Finalidades relacionadas com o cumprimento de obriga\u00e7\u00f5es legais.<\/li>\n<\/ul>\n<p><b>\u2022 Legitima\u00e7\u00e3o para Tratamento de Dados<\/b><\/p>\n<p>A base legal para o tratamento dos dados \u00e9 a legitima\u00e7\u00e3o com base no consentimento do interessado prestado para as finalidades acima descritas:<\/p>\n<ul>\n<li>O acesso e navega\u00e7\u00e3o volunt\u00e1ria dos Usu\u00e1rios na Web.<\/li>\n<li>Consentimento livre, espec\u00edfico, informado e inequ\u00edvoco, desde que o informemos, colocando \u00e0 sua disposi\u00e7\u00e3o esta pol\u00edtica de privacidade, a qual, ap\u00f3s a sua leitura, se concordar, poder\u00e1 aceitar por meio de uma declara\u00e7\u00e3o ou de uma a\u00e7\u00e3o afirmativa clara marcando uma caixa fornecida para o efeito.<\/li>\n<\/ul>\n<p><b>\u2022 Dura\u00e7\u00e3o do Processamento de Dados<\/b><\/p>\n<p>Os dados pessoais fornecidos ser\u00e3o conservados durante o tempo necess\u00e1rio para cumprir a finalidade para a qual s\u00e3o recolhidos e para apurar as poss\u00edveis responsabilidades que possam decorrer da finalidade.<\/p>\n<p><b>\u2022 Direitos de uso:<\/b><\/p>\n<p>O Utilizador pode exercer os direitos de acesso, retifica\u00e7\u00e3o, apagamento, oposi\u00e7\u00e3o, limita\u00e7\u00e3o do tratamento, portabilidade e n\u00e3o sujei\u00e7\u00e3o a decis\u00f5es individuais automatizadas quando couber, relativamente ao tratamento de que \u00e9 respons\u00e1vel, escrevendo para a Quasar na morada acima indicada, indicando o direito que pretende exercer, devendo fazer acompanhar de fotoc\u00f3pia do DNI ou documento equivalente, a fim de comprovar a sua identidade. Voc\u00ea tamb\u00e9m pode entrar em contato com a Ag\u00eancia Espanhola de Prote\u00e7\u00e3o de Dados.<\/p>\n<p><b>\u2022 Comunica\u00e7\u00e3o de dados<\/b><\/p>\n<p>Os dados n\u00e3o ser\u00e3o comunicados a terceiros exceto, se for o caso, \u00e0s Autoridades competentes no exerc\u00edcio das suas fun\u00e7\u00f5es e a outros organismos ou entidades diretamente relacionadas com a Quasar, caso tal seja necess\u00e1rio para o desempenho das pr\u00f3prias fun\u00e7\u00f5es da empresa. N\u00e3o est\u00e3o previstas transfer\u00eancias internacionais de dados.<\/p>\n<p>Da mesma forma, caso algum de nossos prestadores de servi\u00e7os ou sistemas inform\u00e1ticos esteja localizado fora da UE, a Quasar adotar\u00e1 todas as garantias aplic\u00e1veis \u200b\u200bde acordo com os regulamentos estabelecidos para garantir o gerenciamento adequado dos dados.<\/p>\n<\/div><\/div><\/div><\/div><\/div>\n","protected":false},"excerpt":{"rendered":"","protected":false},"author":1,"featured_media":0,"parent":0,"menu_order":0,"comment_status":"closed","ping_status":"closed","template":"","meta":{"footnotes":""},"class_list":["post-2772","page","type-page","status-publish","hentry"],"yoast_head":"<!-- This site is optimized with the Yoast SEO plugin v20.12 - https:\/\/yoast.com\/wordpress\/plugins\/seo\/ -->\n<title>Pol\u00edtica de privacidade - QSR proveedor de repuestos<\/title>\n<meta name=\"robots\" content=\"index, follow, max-snippet:-1, max-image-preview:large, max-video-preview:-1\" \/>\n<link rel=\"canonical\" href=\"https:\/\/recambiosquasar.com\/politica-privacidad\/\" \/>\n<meta property=\"og:locale\" content=\"pt_PT\" \/>\n<meta property=\"og:type\" content=\"article\" \/>\n<meta property=\"og:title\" content=\"Pol\u00edtica de privacidade - QSR proveedor de repuestos\" \/>\n<meta property=\"og:url\" content=\"https:\/\/recambiosquasar.com\/politica-privacidad\/\" \/>\n<meta property=\"og:site_name\" content=\"QSR proveedor de repuestos\" \/>\n<meta property=\"article:modified_time\" content=\"2023-07-25T13:58:05+00:00\" \/>\n<meta name=\"twitter:card\" content=\"summary_large_image\" \/>\n<meta name=\"twitter:label1\" content=\"Tempo estimado de leitura\" \/>\n\t<meta name=\"twitter:data1\" content=\"9 minutos\" \/>\n<script type=\"application\/ld+json\" class=\"yoast-schema-graph\">{\"@context\":\"https:\/\/schema.org\",\"@graph\":[{\"@type\":\"WebPage\",\"@id\":\"https:\/\/recambiosquasar.com\/politica-privacidad\/\",\"url\":\"https:\/\/recambiosquasar.com\/politica-privacidad\/\",\"name\":\"Pol\u00edtica de privacidade - QSR proveedor de repuestos\",\"isPartOf\":{\"@id\":\"https:\/\/recambiosquasar.com\/#website\"},\"datePublished\":\"2023-07-24T10:09:51+00:00\",\"dateModified\":\"2023-07-25T13:58:05+00:00\",\"breadcrumb\":{\"@id\":\"https:\/\/recambiosquasar.com\/politica-privacidad\/#breadcrumb\"},\"inLanguage\":\"pt-PT\",\"potentialAction\":[{\"@type\":\"ReadAction\",\"target\":[\"https:\/\/recambiosquasar.com\/politica-privacidad\/\"]}]},{\"@type\":\"BreadcrumbList\",\"@id\":\"https:\/\/recambiosquasar.com\/politica-privacidad\/#breadcrumb\",\"itemListElement\":[{\"@type\":\"ListItem\",\"position\":1,\"name\":\"Portada\",\"item\":\"https:\/\/recambiosquasar.com\/pt-pt\/\"},{\"@type\":\"ListItem\",\"position\":2,\"name\":\"Pol\u00edtica de privacidade\"}]},{\"@type\":\"WebSite\",\"@id\":\"https:\/\/recambiosquasar.com\/#website\",\"url\":\"https:\/\/recambiosquasar.com\/\",\"name\":\"QSR proveedor de repuestos\",\"description\":\"QSR Tienda de repuestos de alternadores, arranques, Poleas, Despieces y Electro ventiladores\",\"potentialAction\":[{\"@type\":\"SearchAction\",\"target\":{\"@type\":\"EntryPoint\",\"urlTemplate\":\"https:\/\/recambiosquasar.com\/?s={search_term_string}\"},\"query-input\":\"required name=search_term_string\"}],\"inLanguage\":\"pt-PT\"}]}<\/script>\n<!-- \/ Yoast SEO plugin. -->","yoast_head_json":{"title":"Pol\u00edtica de privacidade - QSR proveedor de repuestos","robots":{"index":"index","follow":"follow","max-snippet":"max-snippet:-1","max-image-preview":"max-image-preview:large","max-video-preview":"max-video-preview:-1"},"canonical":"https:\/\/recambiosquasar.com\/politica-privacidad\/","og_locale":"pt_PT","og_type":"article","og_title":"Pol\u00edtica de privacidade - QSR proveedor de repuestos","og_url":"https:\/\/recambiosquasar.com\/politica-privacidad\/","og_site_name":"QSR proveedor de repuestos","article_modified_time":"2023-07-25T13:58:05+00:00","twitter_card":"summary_large_image","twitter_misc":{"Tempo estimado de leitura":"9 minutos"},"schema":{"@context":"https:\/\/schema.org","@graph":[{"@type":"WebPage","@id":"https:\/\/recambiosquasar.com\/politica-privacidad\/","url":"https:\/\/recambiosquasar.com\/politica-privacidad\/","name":"Pol\u00edtica de privacidade - QSR proveedor de repuestos","isPartOf":{"@id":"https:\/\/recambiosquasar.com\/#website"},"datePublished":"2023-07-24T10:09:51+00:00","dateModified":"2023-07-25T13:58:05+00:00","breadcrumb":{"@id":"https:\/\/recambiosquasar.com\/politica-privacidad\/#breadcrumb"},"inLanguage":"pt-PT","potentialAction":[{"@type":"ReadAction","target":["https:\/\/recambiosquasar.com\/politica-privacidad\/"]}]},{"@type":"BreadcrumbList","@id":"https:\/\/recambiosquasar.com\/politica-privacidad\/#breadcrumb","itemListElement":[{"@type":"ListItem","position":1,"name":"Portada","item":"https:\/\/recambiosquasar.com\/pt-pt\/"},{"@type":"ListItem","position":2,"name":"Pol\u00edtica de privacidade"}]},{"@type":"WebSite","@id":"https:\/\/recambiosquasar.com\/#website","url":"https:\/\/recambiosquasar.com\/","name":"QSR proveedor de repuestos","description":"QSR Tienda de repuestos de alternadores, arranques, Poleas, Despieces y Electro ventiladores","potentialAction":[{"@type":"SearchAction","target":{"@type":"EntryPoint","urlTemplate":"https:\/\/recambiosquasar.com\/?s={search_term_string}"},"query-input":"required name=search_term_string"}],"inLanguage":"pt-PT"}]}},"_links":{"self":[{"href":"https:\/\/recambiosquasar.com\/pt-pt\/wp-json\/wp\/v2\/pages\/2772","targetHints":{"allow":["GET"]}}],"collection":[{"href":"https:\/\/recambiosquasar.com\/pt-pt\/wp-json\/wp\/v2\/pages"}],"about":[{"href":"https:\/\/recambiosquasar.com\/pt-pt\/wp-json\/wp\/v2\/types\/page"}],"author":[{"embeddable":true,"href":"https:\/\/recambiosquasar.com\/pt-pt\/wp-json\/wp\/v2\/users\/1"}],"replies":[{"embeddable":true,"href":"https:\/\/recambiosquasar.com\/pt-pt\/wp-json\/wp\/v2\/comments?post=2772"}],"version-history":[{"count":2,"href":"https:\/\/recambiosquasar.com\/pt-pt\/wp-json\/wp\/v2\/pages\/2772\/revisions"}],"predecessor-version":[{"id":2774,"href":"https:\/\/recambiosquasar.com\/pt-pt\/wp-json\/wp\/v2\/pages\/2772\/revisions\/2774"}],"wp:attachment":[{"href":"https:\/\/recambiosquasar.com\/pt-pt\/wp-json\/wp\/v2\/media?parent=2772"}],"curies":[{"name":"wp","href":"https:\/\/api.w.org\/{rel}","templated":true}]}}