{"id":2769,"date":"2023-07-24T12:11:01","date_gmt":"2023-07-24T10:11:01","guid":{"rendered":"https:\/\/recambiosquasar.com\/politica-de-cookies\/"},"modified":"2023-07-25T15:49:29","modified_gmt":"2023-07-25T13:49:29","slug":"politica-de-cookies","status":"publish","type":"page","link":"https:\/\/recambiosquasar.com\/pt-pt\/politica-de-cookies\/","title":{"rendered":"Pol\u00edtica de cookies"},"content":{"rendered":"<div class=\"fusion-fullwidth fullwidth-box fusion-builder-row-1 fusion-flex-container has-pattern-background has-mask-background nonhundred-percent-fullwidth non-hundred-percent-height-scrolling\" style=\"--awb-border-radius-top-left:0px;--awb-border-radius-top-right:0px;--awb-border-radius-bottom-right:0px;--awb-border-radius-bottom-left:0px;--awb-flex-wrap:wrap;\" ><div class=\"fusion-builder-row fusion-row fusion-flex-align-items-flex-start fusion-flex-content-wrap\" style=\"max-width:1393.6px;margin-left: calc(-4% \/ 2 );margin-right: calc(-4% \/ 2 );\"><div class=\"fusion-layout-column fusion_builder_column fusion-builder-column-0 fusion_builder_column_1_1 1_1 fusion-flex-column\" style=\"--awb-bg-size:cover;--awb-width-large:100%;--awb-margin-top-large:0px;--awb-spacing-right-large:1.92%;--awb-margin-bottom-large:20px;--awb-spacing-left-large:1.92%;--awb-width-medium:100%;--awb-order-medium:0;--awb-spacing-right-medium:1.92%;--awb-spacing-left-medium:1.92%;--awb-width-small:100%;--awb-order-small:0;--awb-spacing-right-small:1.92%;--awb-spacing-left-small:1.92%;\"><div class=\"fusion-column-wrapper fusion-column-has-shadow fusion-flex-justify-content-flex-start fusion-content-layout-column\"><div class=\"fusion-text fusion-text-1\"><p>Em cumprimento do disposto na Lei 34\/2002, de 11 de julho, sobre Servi\u00e7os da Sociedade da Informa\u00e7\u00e3o e Com\u00e9rcio Eletr\u00f4nico, o objetivo desta Pol\u00edtica de Cookies \u00e9 informar o Usu\u00e1rio sobre a pol\u00edtica de coleta e tratamento de cookies.<\/p>\n<ol>\n<li><b>O que s\u00e3o cookies? <\/b>Um cookie \u00e9 um pequeno ficheiro que \u00e9 descarregado para o computador, tablet ou smartphone do utilizador, com a finalidade de armazenar dados e informa\u00e7\u00f5es que possam ser atualizados e recuperados pela entidade respons\u00e1vel pela sua instala\u00e7\u00e3o.<\/li>\n<li><b>Cookies usados \u200b\u200bneste site<\/b>\n<ol>\n<li style=\"list-style-type: none;\">\n<ol>\n<li><b>Tipos de cookies de acordo com a entidade que os gere:<\/b> Dependendo de quem \u00e9 a entidade que gere o equipamento ou dom\u00ednio a partir do qual os cookies s\u00e3o enviados e processa os dados obtidos, podemos distinguir:<\/li>\n<\/ol>\n<\/li>\n<\/ol>\n<p><b>a) Cookies pr\u00f3prios:<\/b> s\u00e3o aqueles que s\u00e3o enviados ao equipamento terminal do usu\u00e1rio a partir de um computador ou dom\u00ednio administrado pelo pr\u00f3prio editor e a partir do qual \u00e9 prestado o servi\u00e7o solicitado pelo usu\u00e1rio.<\/p>\n<p><b>b) Cookies de terceiros:<\/b> s\u00e3o aqueles que s\u00e3o enviados para o equipamento terminal do utilizador a partir de um computador ou dom\u00ednio que n\u00e3o \u00e9 gerido pelo editor, mas por outra entidade que processa os dados obtidos atrav\u00e9s dos cookies&#8230;<\/p>\n<ol>\n<li style=\"list-style-type: none;\">\n<ol>\n<li><b>Tipos de cookies de acordo com a sua finalidade:<\/b><\/li>\n<\/ol>\n<\/li>\n<\/ol>\n<p><b>&#8211; Cookies t\u00e9cnicos: <\/b>S\u00e3o aqueles que permitem ao utilizador a navega\u00e7\u00e3o atrav\u00e9s de uma p\u00e1gina web, plataforma ou aplica\u00e7\u00e3o e a utiliza\u00e7\u00e3o das diferentes op\u00e7\u00f5es ou servi\u00e7os nela existentes, como, por exemplo, controlar o tr\u00e1fego e a comunica\u00e7\u00e3o de dados, identificar a sess\u00e3o, aceder a partes de acesso restrito, recordar os elementos que comp\u00f5em uma encomenda, efetuar o processo de compra de uma encomenda, solicitar a inscri\u00e7\u00e3o ou participa\u00e7\u00e3o num evento, utilizar elementos de seguran\u00e7a durante a navega\u00e7\u00e3o, armazenar conte\u00fados para divulga\u00e7\u00e3o de v\u00eddeos ou som ou partilhar conte\u00fados atrav\u00e9s de redes sociais.<\/p>\n<p><b>&#8211; Cookies de personaliza\u00e7\u00e3o:<\/b> S\u00e3o aqueles que permitem ao usu\u00e1rio acessar o servi\u00e7o com algumas caracter\u00edsticas gerais pr\u00e9-definidas com base em uma s\u00e9rie de crit\u00e9rios no terminal do usu\u00e1rio, como o idioma, o tipo de navegador atrav\u00e9s do qual o servi\u00e7o \u00e9 acessado, a configura\u00e7\u00e3o regional a partir da qual o servi\u00e7o \u00e9 acessado, etc.<\/p>\n<p><b>&#8211; Cookies de an\u00e1lise:<\/b> s\u00e3o aqueles que, processados \u200b\u200bpor n\u00f3s ou por terceiros, nos permitem quantificar o n\u00famero de usu\u00e1rios e, assim, realizar a medi\u00e7\u00e3o e an\u00e1lise estat\u00edstica do uso feito pelos usu\u00e1rios do servi\u00e7o oferecido. Para tal, a sua navega\u00e7\u00e3o no nosso website \u00e9 analisada de forma a melhorar a oferta de produtos ou servi\u00e7os que lhe oferecemos.<\/p>\n<ol>\n<li style=\"list-style-type: none;\">\n<ol>\n<li style=\"list-style-type: none;\">\n<ul>\n<li><b>Tipos de cookies de acordo com o per\u00edodo de tempo que permanecem ativados<\/b> Dependendo do per\u00edodo de tempo que permanecem ativados no equipamento terminal, podemos distinguir:<\/li>\n<\/ul>\n<\/li>\n<\/ol>\n<\/li>\n<\/ol>\n<p><b>a) Cookies de sess\u00e3o:<\/b> s\u00e3o aqueles concebidos para recolher e armazenar dados enquanto o utilizador acede a uma p\u00e1gina web. Costumam ser utilizados para armazenar informa\u00e7\u00f5es que s\u00f3 interessam guardar para a presta\u00e7\u00e3o do servi\u00e7o solicitado pelo utilizador numa \u00fanica ocasi\u00e3o (por exemplo, uma lista de produtos adquiridos) e desaparecem no final da sess\u00e3o.<\/p>\n<p><b>b) Cookies persistentes:<\/b> s\u00e3o aqueles em que os dados ainda se encontram armazenados no terminal e podem ser acedidos e tratados durante um per\u00edodo definido pelo respons\u00e1vel pelo cookie, que pode ir de alguns minutos a v\u00e1rios anos.<\/li>\n<li><b>Per\u00edodo de reten\u00e7\u00e3o de dados<\/b><br \/>\n<table class=\"table\">\n<thead>\n<tr>\n<th>Propriedade<\/th>\n<th>Cookie<\/th>\n<th>Prop\u00f3sito<\/th>\n<th>Prazo<\/th>\n<\/tr>\n<\/thead>\n<tbody>\n<tr>\n<td>google.com<\/td>\n<td>CONSENT<\/td>\n<td>Rastreador de consentimento de cookies do Google<\/td>\n<td>Em 17 anos<\/td>\n<\/tr>\n<tr>\n<td>qsr.es<\/td>\n<td>cookie_notice_accepted<\/td>\n<td>Cookie necess\u00e1rio para a utiliza\u00e7\u00e3o das op\u00e7\u00f5es e servi\u00e7os do site<\/td>\n<td>Em um m\u00eas<\/td>\n<\/tr>\n<tr>\n<td>qsr.es<\/td>\n<td>idUsuario<\/td>\n<td>Cookie necess\u00e1rio para a utiliza\u00e7\u00e3o das op\u00e7\u00f5es e servi\u00e7os do site<\/td>\n<td>Em 4 meses<\/td>\n<\/tr>\n<tr>\n<td>qsr.es<\/td>\n<td>tipoUsuario<\/td>\n<td>Cookie necess\u00e1rio para a utiliza\u00e7\u00e3o das op\u00e7\u00f5es e servi\u00e7os do site<\/td>\n<td>Em 4 meses<\/td>\n<\/tr>\n<tr>\n<td>google.com<\/td>\n<td>YSC<\/td>\n<td>Registra um ID exclusivo para manter estat\u00edsticas de quais v\u00eddeos do YouTube o usu\u00e1rio visualizou.<\/td>\n<td>Sess\u00e3o<\/td>\n<\/tr>\n<\/tbody>\n<\/table>\n<table class=\"table\">\n<thead>\n<tr>\n<th>Propriedade<\/th>\n<th>Cookie<\/th>\n<th>Prop\u00f3sito<\/th>\n<th>Prazo<\/th>\n<\/tr>\n<\/thead>\n<tbody>\n<tr>\n<td>google.com<\/td>\n<td>1P_JAR<\/td>\n<td>Esses cookies s\u00e3o definidos por meio de v\u00eddeos do youtube incorporados. Eles registram dados estat\u00edsticos an\u00f4nimos sobre, por exemplo, quantas vezes o v\u00eddeo \u00e9 reproduzido e as configura\u00e7\u00f5es usadas para reprodu\u00e7\u00e3o.<\/td>\n<td>Em um m\u00eas<\/td>\n<\/tr>\n<tr>\n<td>google.com<\/td>\n<td>ANID<\/td>\n<td>O Google usa esses cookies para tornar a publicidade mais atraente para os usu\u00e1rios e mais valiosa para editores e anunciantes.<\/td>\n<td>Em um ano<\/td>\n<\/tr>\n<tr>\n<td>google.com<\/td>\n<td>NID<\/td>\n<td>Esses cookies s\u00e3o usados \u200b\u200bpara coletar estat\u00edsticas do site e rastrear taxas de convers\u00e3o e personaliza\u00e7\u00e3o de an\u00fancios do Google<\/td>\n<td>Em 6 meses<\/td>\n<\/tr>\n<tr>\n<td>youtube.com<\/td>\n<td>VISITOR_INFO1_LIVE<\/td>\n<td>Tente estimar a largura de banda dos usu\u00e1rios nas p\u00e1ginas do YouTube com v\u00eddeos incorporados.<\/td>\n<td>Em 6 meses<\/td>\n<\/tr>\n<\/tbody>\n<\/table>\n<\/li>\n<li><b>Informa\u00e7\u00f5es sobre como aceitar, negar ou revogar o consentimento para o uso de cookies<\/b> Voc\u00ea pode permitir, bloquear ou eliminar os cookies instalados em seu computador, configurando as op\u00e7\u00f5es do navegador instalado em seu computador:<\/li>\n<\/ol>\n<p><a href=\"https:\/\/support.google.com\/chrome\/bin\/answer.py?hl=es&amp;answer=95647\" target=\"_blank\" rel=\"noopener\">\u2022 Chrome<\/a><\/p>\n<p><a href=\"http:\/\/windows.microsoft.com\/es-es\/windows7\/how-to-manage-cookies-in-internet-explorer-9\" target=\"_blank\" rel=\"noopener\">\u2022 Explorer<\/a><\/p>\n<p><a href=\"http:\/\/support.mozilla.org\/es\/kb\/habilitar-y-deshabilitar-cookies-que-los-sitios-we\" target=\"_blank\" rel=\"noopener\">\u2022 Firefox<\/a><\/p>\n<p><a href=\"http:\/\/support.apple.com\/kb\/ph5042\" target=\"_blank\" rel=\"noopener\">\u2022 Safari<\/a><\/p>\n<ol>\n<li><b>Atualiza\u00e7\u00e3o da Pol\u00edtica de Cookies<\/b> Esta Pol\u00edtica de Cookies pode ser modificada quando exigido pela legisla\u00e7\u00e3o vigente a qualquer momento, ou quando houver varia\u00e7\u00e3o no tipo de cookies utilizados no site. Portanto, recomendamos que voc\u00ea reveja esta pol\u00edtica sempre que acessar nosso site, a fim de estar adequadamente informado sobre como e por que usamos cookies.<\/li>\n<li><a id=\"open_cookies_consent\" href=\"https:\/\/www.qsr.es\/politica-cookies#\">Configurar prefer\u00eancias de cookies<\/a><\/li>\n<\/ol>\n<\/div><\/div><\/div><\/div><\/div>\n","protected":false},"excerpt":{"rendered":"","protected":false},"author":1,"featured_media":0,"parent":0,"menu_order":0,"comment_status":"closed","ping_status":"closed","template":"","meta":{"footnotes":""},"class_list":["post-2769","page","type-page","status-publish","hentry"],"yoast_head":"<!-- This site is optimized with the Yoast SEO plugin v20.12 - https:\/\/yoast.com\/wordpress\/plugins\/seo\/ -->\n<title>Pol\u00edtica de cookies - QSR proveedor de repuestos<\/title>\n<meta name=\"robots\" content=\"index, follow, max-snippet:-1, max-image-preview:large, max-video-preview:-1\" \/>\n<link rel=\"canonical\" href=\"https:\/\/recambiosquasar.com\/politica-cookies\/\" \/>\n<meta property=\"og:locale\" content=\"pt_PT\" \/>\n<meta property=\"og:type\" content=\"article\" \/>\n<meta property=\"og:title\" content=\"Pol\u00edtica de cookies - QSR proveedor de repuestos\" \/>\n<meta property=\"og:url\" content=\"https:\/\/recambiosquasar.com\/politica-cookies\/\" \/>\n<meta property=\"og:site_name\" content=\"QSR proveedor de repuestos\" \/>\n<meta property=\"article:modified_time\" content=\"2023-07-25T13:49:29+00:00\" \/>\n<meta name=\"twitter:card\" content=\"summary_large_image\" \/>\n<meta name=\"twitter:label1\" content=\"Tempo estimado de leitura\" \/>\n\t<meta name=\"twitter:data1\" content=\"10 minutos\" \/>\n<script type=\"application\/ld+json\" class=\"yoast-schema-graph\">{\"@context\":\"https:\/\/schema.org\",\"@graph\":[{\"@type\":\"WebPage\",\"@id\":\"https:\/\/recambiosquasar.com\/politica-cookies\/\",\"url\":\"https:\/\/recambiosquasar.com\/politica-cookies\/\",\"name\":\"Pol\u00edtica de cookies - QSR proveedor de repuestos\",\"isPartOf\":{\"@id\":\"https:\/\/recambiosquasar.com\/#website\"},\"datePublished\":\"2023-07-24T10:11:01+00:00\",\"dateModified\":\"2023-07-25T13:49:29+00:00\",\"breadcrumb\":{\"@id\":\"https:\/\/recambiosquasar.com\/politica-cookies\/#breadcrumb\"},\"inLanguage\":\"pt-PT\",\"potentialAction\":[{\"@type\":\"ReadAction\",\"target\":[\"https:\/\/recambiosquasar.com\/politica-cookies\/\"]}]},{\"@type\":\"BreadcrumbList\",\"@id\":\"https:\/\/recambiosquasar.com\/politica-cookies\/#breadcrumb\",\"itemListElement\":[{\"@type\":\"ListItem\",\"position\":1,\"name\":\"Portada\",\"item\":\"https:\/\/recambiosquasar.com\/pt-pt\/\"},{\"@type\":\"ListItem\",\"position\":2,\"name\":\"Pol\u00edtica de cookies\"}]},{\"@type\":\"WebSite\",\"@id\":\"https:\/\/recambiosquasar.com\/#website\",\"url\":\"https:\/\/recambiosquasar.com\/\",\"name\":\"QSR proveedor de repuestos\",\"description\":\"QSR Tienda de repuestos de alternadores, arranques, Poleas, Despieces y Electro ventiladores\",\"potentialAction\":[{\"@type\":\"SearchAction\",\"target\":{\"@type\":\"EntryPoint\",\"urlTemplate\":\"https:\/\/recambiosquasar.com\/?s={search_term_string}\"},\"query-input\":\"required name=search_term_string\"}],\"inLanguage\":\"pt-PT\"}]}<\/script>\n<!-- \/ Yoast SEO plugin. -->","yoast_head_json":{"title":"Pol\u00edtica de cookies - QSR proveedor de repuestos","robots":{"index":"index","follow":"follow","max-snippet":"max-snippet:-1","max-image-preview":"max-image-preview:large","max-video-preview":"max-video-preview:-1"},"canonical":"https:\/\/recambiosquasar.com\/politica-cookies\/","og_locale":"pt_PT","og_type":"article","og_title":"Pol\u00edtica de cookies - QSR proveedor de repuestos","og_url":"https:\/\/recambiosquasar.com\/politica-cookies\/","og_site_name":"QSR proveedor de repuestos","article_modified_time":"2023-07-25T13:49:29+00:00","twitter_card":"summary_large_image","twitter_misc":{"Tempo estimado de leitura":"10 minutos"},"schema":{"@context":"https:\/\/schema.org","@graph":[{"@type":"WebPage","@id":"https:\/\/recambiosquasar.com\/politica-cookies\/","url":"https:\/\/recambiosquasar.com\/politica-cookies\/","name":"Pol\u00edtica de cookies - QSR proveedor de repuestos","isPartOf":{"@id":"https:\/\/recambiosquasar.com\/#website"},"datePublished":"2023-07-24T10:11:01+00:00","dateModified":"2023-07-25T13:49:29+00:00","breadcrumb":{"@id":"https:\/\/recambiosquasar.com\/politica-cookies\/#breadcrumb"},"inLanguage":"pt-PT","potentialAction":[{"@type":"ReadAction","target":["https:\/\/recambiosquasar.com\/politica-cookies\/"]}]},{"@type":"BreadcrumbList","@id":"https:\/\/recambiosquasar.com\/politica-cookies\/#breadcrumb","itemListElement":[{"@type":"ListItem","position":1,"name":"Portada","item":"https:\/\/recambiosquasar.com\/pt-pt\/"},{"@type":"ListItem","position":2,"name":"Pol\u00edtica de cookies"}]},{"@type":"WebSite","@id":"https:\/\/recambiosquasar.com\/#website","url":"https:\/\/recambiosquasar.com\/","name":"QSR proveedor de repuestos","description":"QSR Tienda de repuestos de alternadores, arranques, Poleas, Despieces y Electro ventiladores","potentialAction":[{"@type":"SearchAction","target":{"@type":"EntryPoint","urlTemplate":"https:\/\/recambiosquasar.com\/?s={search_term_string}"},"query-input":"required name=search_term_string"}],"inLanguage":"pt-PT"}]}},"_links":{"self":[{"href":"https:\/\/recambiosquasar.com\/pt-pt\/wp-json\/wp\/v2\/pages\/2769","targetHints":{"allow":["GET"]}}],"collection":[{"href":"https:\/\/recambiosquasar.com\/pt-pt\/wp-json\/wp\/v2\/pages"}],"about":[{"href":"https:\/\/recambiosquasar.com\/pt-pt\/wp-json\/wp\/v2\/types\/page"}],"author":[{"embeddable":true,"href":"https:\/\/recambiosquasar.com\/pt-pt\/wp-json\/wp\/v2\/users\/1"}],"replies":[{"embeddable":true,"href":"https:\/\/recambiosquasar.com\/pt-pt\/wp-json\/wp\/v2\/comments?post=2769"}],"version-history":[{"count":2,"href":"https:\/\/recambiosquasar.com\/pt-pt\/wp-json\/wp\/v2\/pages\/2769\/revisions"}],"predecessor-version":[{"id":2771,"href":"https:\/\/recambiosquasar.com\/pt-pt\/wp-json\/wp\/v2\/pages\/2769\/revisions\/2771"}],"wp:attachment":[{"href":"https:\/\/recambiosquasar.com\/pt-pt\/wp-json\/wp\/v2\/media?parent=2769"}],"curies":[{"name":"wp","href":"https:\/\/api.w.org\/{rel}","templated":true}]}}