{"id":2766,"date":"2023-07-24T12:12:27","date_gmt":"2023-07-24T10:12:27","guid":{"rendered":"https:\/\/recambiosquasar.com\/aviso-legal\/"},"modified":"2023-07-25T15:41:39","modified_gmt":"2023-07-25T13:41:39","slug":"aviso-legal","status":"publish","type":"page","link":"https:\/\/recambiosquasar.com\/pt-pt\/aviso-legal\/","title":{"rendered":"Aviso Legal"},"content":{"rendered":"<div class=\"fusion-fullwidth fullwidth-box fusion-builder-row-1 fusion-flex-container has-pattern-background has-mask-background nonhundred-percent-fullwidth non-hundred-percent-height-scrolling\" style=\"--awb-border-radius-top-left:0px;--awb-border-radius-top-right:0px;--awb-border-radius-bottom-right:0px;--awb-border-radius-bottom-left:0px;--awb-flex-wrap:wrap;\" ><div class=\"fusion-builder-row fusion-row fusion-flex-align-items-flex-start fusion-flex-content-wrap\" style=\"max-width:1393.6px;margin-left: calc(-4% \/ 2 );margin-right: calc(-4% \/ 2 );\"><div class=\"fusion-layout-column fusion_builder_column fusion-builder-column-0 fusion_builder_column_1_1 1_1 fusion-flex-column\" style=\"--awb-bg-size:cover;--awb-width-large:100%;--awb-margin-top-large:0px;--awb-spacing-right-large:1.92%;--awb-margin-bottom-large:20px;--awb-spacing-left-large:1.92%;--awb-width-medium:100%;--awb-order-medium:0;--awb-spacing-right-medium:1.92%;--awb-spacing-left-medium:1.92%;--awb-width-small:100%;--awb-order-small:0;--awb-spacing-right-small:1.92%;--awb-spacing-left-small:1.92%;\"><div class=\"fusion-column-wrapper fusion-column-has-shadow fusion-flex-justify-content-flex-start fusion-content-layout-column\"><div class=\"fusion-text fusion-text-1\"><p>Nos termos do artigo 10.\u00ba da Lei 34\/2002 sobre Servi\u00e7os da Sociedade da Informa\u00e7\u00e3o e Com\u00e9rcio Electr\u00f3nico e Lei 56\/2007, de 28 de Dezembro, sobre Medidas de Promo\u00e7\u00e3o da Sociedade da Informa\u00e7\u00e3o, d\u00e1-se a conhecer:<\/p>\n<p><b>1. Propriedade<\/b><\/p>\n<p>Este Site (doravante Site) \u00e9 propriedade da Recambios Quasar S.L. (doravante Quasar) com o n\u00famero CIF: B-36.863.744, com sede na Avda. do Freixo 13, 36214 Vigo (Pontevedra), telefone: 0034.986.481.633 e email: &#8220;contacto@qsr.es&#8221; e \u00e9 constitu\u00eddo pelo Site associado ao dom\u00ednio &#8220;www.qsr.es.<\/p>\n<p>Pe\u00e7as de reposi\u00e7\u00e3o Quasar S.L. est\u00e1 inscrita no Registro Mercantil de Pontevedra, Tomo 2417, Livro 2417, Folha 83, Se\u00e7\u00e3o 8, Folha PO-24995, Inscri\u00e7\u00e3o 1\u00aa-CIF.: ES-B36863744.<\/p>\n<p><b>2. Aceita\u00e7\u00e3o<\/b><\/p>\n<p>A utiliza\u00e7\u00e3o da Web atribui a condi\u00e7\u00e3o de Utilizador e implica a aceita\u00e7\u00e3o de todas as condi\u00e7\u00f5es e condi\u00e7\u00f5es de utiliza\u00e7\u00e3o inclu\u00eddas no presente Aviso Legal.<\/p>\n<p>Recomenda-se aos utilizadores a leitura atenta e regular deste Aviso Legal, uma vez que as condi\u00e7\u00f5es de utiliza\u00e7\u00e3o do mesmo, inclu\u00eddas no referido Aviso, podem ser modificadas.<\/p>\n<p>Se continuar a utilizar os servi\u00e7os disponibilizados na Web, uma vez modificadas as condi\u00e7\u00f5es de utiliza\u00e7\u00e3o, entender-se-\u00e1 que aceita as modifica\u00e7\u00f5es efetuadas nos mesmos.<\/p>\n<p><b>3. Navega\u00e7\u00e3o, Acesso e Seguran\u00e7a<\/b><\/p>\n<p>O acesso e navega\u00e7\u00e3o nesta Web sup\u00f5e aceitar e conhecer as advert\u00eancias legais, condi\u00e7\u00f5es e termos de uso nela contidos. A Quasar envida todos os esfor\u00e7os para que a navega\u00e7\u00e3o seja realizada nas melhores condi\u00e7\u00f5es e para evitar danos de qualquer natureza que possam ser causados \u200b\u200bdurante a mesma.<\/p>\n<p>O Propriet\u00e1rio n\u00e3o \u00e9 respons\u00e1vel pelos danos e preju\u00edzos de qualquer tipo que possam ser causados \u200b\u200baos Usu\u00e1rios pela utiliza\u00e7\u00e3o de outros navegadores ou vers\u00f5es diferentes dos navegadores para os quais a Web foi projetada.<\/p>\n<p><b>4. Obriga\u00e7\u00f5es do Usu\u00e1rio<\/b><\/p>\n<p><b>4.1 Obriga\u00e7\u00e3o de fazer uso correto da Web<\/b><\/p>\n<p>As condi\u00e7\u00f5es de acesso e utiliza\u00e7\u00e3o deste Website est\u00e3o sujeitas \u00e0 legisla\u00e7\u00e3o em vigor e aos princ\u00edpios da boa f\u00e9 e utiliza\u00e7\u00e3o l\u00edcita pelo Utilizador da mesma, sendo vedado, em geral, qualquer tipo de a\u00e7\u00e3o em detrimento da Quasar, e contr\u00e1ria ao presente Aviso Legal.<\/p>\n<p>O Utilizador compromete-se a utilizar este servi\u00e7o sem incorrer em atividades que possam ser consideradas il\u00edcitas ou ilegais, que violem os direitos da Quasar, ou de terceiros, ou que possam danificar, inutilizar, sobrecarregar ou deteriorar o Website ou impedir a sua normal utiliza\u00e7\u00e3o por outros Utilizadores.<\/p>\n<p><b>4.2 Proibi\u00e7\u00f5es<\/b><\/p>\n<p>\u00c9 proibido o uso deste site para fins ilegais ou n\u00e3o autorizados, especificamente e com car\u00e1ter limitado:<\/p>\n<ul>\n<li>Qualquer forma de viola\u00e7\u00e3o dos direitos de terceiros (direito \u00e0 privacidade, direito \u00e0 pr\u00f3pria imagem, direitos de propriedade intelectual e industrial, etc.).<\/li>\n<li>Realizar, utilizando o conte\u00fado deste site, qualquer tipo de publicidade, como o envio de e-mails n\u00e3o solicitados (spam) ou comunica\u00e7\u00e3o semelhante.<\/li>\n<li>Introduzir v\u00edrus inform\u00e1ticos, ficheiros defeituosos ou qualquer outro software ou programa inform\u00e1tico que possa causar danos ou altera\u00e7\u00f5es n\u00e3o autorizadas nos conte\u00fados ou sistemas acess\u00edveis atrav\u00e9s deste website.<\/li>\n<\/ul>\n<p><b>5. Propriedade Intelectual e Industrial<\/b><\/p>\n<p>O design do portal e os seus c\u00f3digos fonte, bem como os log\u00f3tipos, marcas e outros sinais distintivos que nele aparecem, pertencem \u00e0 Quasar e encontram-se protegidos pelos correspondentes direitos de propriedade intelectual e industrial.<\/p>\n<p>O Utilizador apenas tem direito ao uso privado do mesmo, sem fins lucrativos, e carece de autoriza\u00e7\u00e3o expressa para modificar, reproduzir, explorar, distribuir ou exercer qualquer direito pertencente ao seu titular.<\/p>\n<p><b>6. Responsabilidade pelo Conte\u00fado<\/b><\/p>\n<p>A Quasar reserva-se o direito de fazer altera\u00e7\u00f5es no Site sem aviso pr\u00e9vio, a fim de manter suas informa\u00e7\u00f5es atualizadas, adicionando, modificando, corrigindo ou excluindo o conte\u00fado publicado ou o design do Site.<\/p>\n<p>A Quasar n\u00e3o ser\u00e1 respons\u00e1vel pelo uso que terceiros fa\u00e7am das informa\u00e7\u00f5es publicadas na Web, nem pelos danos sofridos ou preju\u00edzos econ\u00f4micos que, direta ou indiretamente, produzam ou possam causar danos econ\u00f4micos, materiais ou de dados, causados \u200b\u200bpelo uso de dita informa\u00e7\u00e3o.<\/p>\n<p><b>7. Reprodu\u00e7\u00e3o de Conte\u00fados<\/b><\/p>\n<p>\u00c9 proibida a reprodu\u00e7\u00e3o total ou parcial dos conte\u00fados publicados na Web.<\/p>\n<p><b>8. Links<\/b><\/p>\n<p>A Quasar fornece aos usu\u00e1rios links para outras p\u00e1ginas da Web que acompanham, apenas para fins informativos e complementares, para alguns conte\u00fados publicados na Web.<\/p>\n<p>Essas p\u00e1ginas vinculadas pertencem a terceiros e, portanto, a Quasar n\u00e3o \u00e9 respons\u00e1vel por seu conte\u00fado. Da mesma forma, n\u00e3o se responsabiliza pelo funcionamento do link ou por poss\u00edveis danos que possam advir do acesso e uso do mesmo.<\/p>\n<p><b>9. Seguran\u00e7a<\/b><\/p>\n<p>A Quasar compromete-se a estabelecer as medidas t\u00e9cnicas e organizacionais necess\u00e1rias para atingir o desej\u00e1vel n\u00edvel de seguran\u00e7a na navega\u00e7\u00e3o na Web. Da mesma forma, reserva-se o direito de realizar suspens\u00f5es pontuais de car\u00e1ter tempor\u00e1rio para realizar opera\u00e7\u00f5es de manuten\u00e7\u00e3o no site.<\/p>\n<p><b>10. Comunica\u00e7\u00f5es<\/b><\/p>\n<p>Para qualquer comunica\u00e7\u00e3o que deva ser feita, deve ser enviado um e-mail para: <a href=\"mailto:contacto@qsr.es\">contacto@qsr.es<\/a> ou comunica\u00e7\u00e3o escrita dirigida a:<\/p>\n<p><b>QUASAR SPARE PARTS S.L.<\/b><\/p>\n<p><b>Dir. Cart\u00e3o postal: <\/b>Av. do Freixo 13, 36214 Vigo (Pontevedra).<\/p>\n<p><b>11. Lei Aplic\u00e1vel e Jurisdi\u00e7\u00e3o<\/b><\/p>\n<p>A Lei aplic\u00e1vel em caso de disputa ou conflito de interpreta\u00e7\u00e3o dos termos que comp\u00f5em este aviso legal, bem como qualquer assunto relacionado com os servi\u00e7os deste Site, ser\u00e1 a Lei Espanhola.<\/p>\n<p>Qualquer lit\u00edgio que possa surgir do acesso ou utiliza\u00e7\u00e3o deste site ser\u00e1 da responsabilidade dos Tribunais de Vigo.<\/p>\n<\/div><\/div><\/div><\/div><\/div>\n","protected":false},"excerpt":{"rendered":"","protected":false},"author":1,"featured_media":0,"parent":0,"menu_order":0,"comment_status":"closed","ping_status":"closed","template":"","meta":{"footnotes":""},"class_list":["post-2766","page","type-page","status-publish","hentry"],"yoast_head":"<!-- This site is optimized with the Yoast SEO plugin v20.12 - https:\/\/yoast.com\/wordpress\/plugins\/seo\/ -->\n<title>Aviso Legal - QSR proveedor de repuestos<\/title>\n<meta name=\"robots\" content=\"index, follow, max-snippet:-1, max-image-preview:large, max-video-preview:-1\" \/>\n<link rel=\"canonical\" href=\"https:\/\/recambiosquasar.com\/aviso-legal\/\" \/>\n<meta property=\"og:locale\" content=\"pt_PT\" \/>\n<meta property=\"og:type\" content=\"article\" \/>\n<meta property=\"og:title\" content=\"Aviso Legal - QSR proveedor de repuestos\" \/>\n<meta property=\"og:url\" content=\"https:\/\/recambiosquasar.com\/aviso-legal\/\" \/>\n<meta property=\"og:site_name\" content=\"QSR proveedor de repuestos\" \/>\n<meta property=\"article:modified_time\" content=\"2023-07-25T13:41:39+00:00\" \/>\n<meta name=\"twitter:card\" content=\"summary_large_image\" \/>\n<meta name=\"twitter:label1\" content=\"Tempo estimado de leitura\" \/>\n\t<meta name=\"twitter:data1\" content=\"9 minutos\" \/>\n<script type=\"application\/ld+json\" class=\"yoast-schema-graph\">{\"@context\":\"https:\/\/schema.org\",\"@graph\":[{\"@type\":\"WebPage\",\"@id\":\"https:\/\/recambiosquasar.com\/aviso-legal\/\",\"url\":\"https:\/\/recambiosquasar.com\/aviso-legal\/\",\"name\":\"Aviso Legal - QSR proveedor de repuestos\",\"isPartOf\":{\"@id\":\"https:\/\/recambiosquasar.com\/#website\"},\"datePublished\":\"2023-07-24T10:12:27+00:00\",\"dateModified\":\"2023-07-25T13:41:39+00:00\",\"breadcrumb\":{\"@id\":\"https:\/\/recambiosquasar.com\/aviso-legal\/#breadcrumb\"},\"inLanguage\":\"pt-PT\",\"potentialAction\":[{\"@type\":\"ReadAction\",\"target\":[\"https:\/\/recambiosquasar.com\/aviso-legal\/\"]}]},{\"@type\":\"BreadcrumbList\",\"@id\":\"https:\/\/recambiosquasar.com\/aviso-legal\/#breadcrumb\",\"itemListElement\":[{\"@type\":\"ListItem\",\"position\":1,\"name\":\"Portada\",\"item\":\"https:\/\/recambiosquasar.com\/pt-pt\/\"},{\"@type\":\"ListItem\",\"position\":2,\"name\":\"Aviso Legal\"}]},{\"@type\":\"WebSite\",\"@id\":\"https:\/\/recambiosquasar.com\/#website\",\"url\":\"https:\/\/recambiosquasar.com\/\",\"name\":\"QSR proveedor de repuestos\",\"description\":\"QSR Tienda de repuestos de alternadores, arranques, Poleas, Despieces y Electro ventiladores\",\"potentialAction\":[{\"@type\":\"SearchAction\",\"target\":{\"@type\":\"EntryPoint\",\"urlTemplate\":\"https:\/\/recambiosquasar.com\/?s={search_term_string}\"},\"query-input\":\"required name=search_term_string\"}],\"inLanguage\":\"pt-PT\"}]}<\/script>\n<!-- \/ Yoast SEO plugin. -->","yoast_head_json":{"title":"Aviso Legal - QSR proveedor de repuestos","robots":{"index":"index","follow":"follow","max-snippet":"max-snippet:-1","max-image-preview":"max-image-preview:large","max-video-preview":"max-video-preview:-1"},"canonical":"https:\/\/recambiosquasar.com\/aviso-legal\/","og_locale":"pt_PT","og_type":"article","og_title":"Aviso Legal - QSR proveedor de repuestos","og_url":"https:\/\/recambiosquasar.com\/aviso-legal\/","og_site_name":"QSR proveedor de repuestos","article_modified_time":"2023-07-25T13:41:39+00:00","twitter_card":"summary_large_image","twitter_misc":{"Tempo estimado de leitura":"9 minutos"},"schema":{"@context":"https:\/\/schema.org","@graph":[{"@type":"WebPage","@id":"https:\/\/recambiosquasar.com\/aviso-legal\/","url":"https:\/\/recambiosquasar.com\/aviso-legal\/","name":"Aviso Legal - QSR proveedor de repuestos","isPartOf":{"@id":"https:\/\/recambiosquasar.com\/#website"},"datePublished":"2023-07-24T10:12:27+00:00","dateModified":"2023-07-25T13:41:39+00:00","breadcrumb":{"@id":"https:\/\/recambiosquasar.com\/aviso-legal\/#breadcrumb"},"inLanguage":"pt-PT","potentialAction":[{"@type":"ReadAction","target":["https:\/\/recambiosquasar.com\/aviso-legal\/"]}]},{"@type":"BreadcrumbList","@id":"https:\/\/recambiosquasar.com\/aviso-legal\/#breadcrumb","itemListElement":[{"@type":"ListItem","position":1,"name":"Portada","item":"https:\/\/recambiosquasar.com\/pt-pt\/"},{"@type":"ListItem","position":2,"name":"Aviso Legal"}]},{"@type":"WebSite","@id":"https:\/\/recambiosquasar.com\/#website","url":"https:\/\/recambiosquasar.com\/","name":"QSR proveedor de repuestos","description":"QSR Tienda de repuestos de alternadores, arranques, Poleas, Despieces y Electro ventiladores","potentialAction":[{"@type":"SearchAction","target":{"@type":"EntryPoint","urlTemplate":"https:\/\/recambiosquasar.com\/?s={search_term_string}"},"query-input":"required name=search_term_string"}],"inLanguage":"pt-PT"}]}},"_links":{"self":[{"href":"https:\/\/recambiosquasar.com\/pt-pt\/wp-json\/wp\/v2\/pages\/2766","targetHints":{"allow":["GET"]}}],"collection":[{"href":"https:\/\/recambiosquasar.com\/pt-pt\/wp-json\/wp\/v2\/pages"}],"about":[{"href":"https:\/\/recambiosquasar.com\/pt-pt\/wp-json\/wp\/v2\/types\/page"}],"author":[{"embeddable":true,"href":"https:\/\/recambiosquasar.com\/pt-pt\/wp-json\/wp\/v2\/users\/1"}],"replies":[{"embeddable":true,"href":"https:\/\/recambiosquasar.com\/pt-pt\/wp-json\/wp\/v2\/comments?post=2766"}],"version-history":[{"count":2,"href":"https:\/\/recambiosquasar.com\/pt-pt\/wp-json\/wp\/v2\/pages\/2766\/revisions"}],"predecessor-version":[{"id":2768,"href":"https:\/\/recambiosquasar.com\/pt-pt\/wp-json\/wp\/v2\/pages\/2766\/revisions\/2768"}],"wp:attachment":[{"href":"https:\/\/recambiosquasar.com\/pt-pt\/wp-json\/wp\/v2\/media?parent=2766"}],"curies":[{"name":"wp","href":"https:\/\/api.w.org\/{rel}","templated":true}]}}